{"id":2712,"date":"2020-04-01T10:05:27","date_gmt":"2020-04-01T10:05:27","guid":{"rendered":"https:\/\/alloggio.qodeinteractive.com\/?page_id=2712"},"modified":"2023-12-19T08:32:12","modified_gmt":"2023-12-19T08:32:12","slug":"les-activites","status":"publish","type":"page","link":"https:\/\/www.chez-anne-et-gregoire.com\/en\/les-activites\/","title":{"rendered":"Activities"},"content":{"rendered":"<div data-elementor-type=\"wp-page\" data-elementor-id=\"2712\" class=\"elementor elementor-2712\">\n\t\t\t\t\t\t<section class=\"elementor-section elementor-top-section elementor-element elementor-element-89d494d elementor-section-full_width qodef-elementor-content-grid elementor-section-height-default elementor-section-height-default\" data-id=\"89d494d\" data-element_type=\"section\" data-e-type=\"section\">\n\t\t\t\t\t\t<div class=\"elementor-container elementor-column-gap-no\">\n\t\t\t\t\t<div class=\"elementor-column elementor-col-33 elementor-top-column elementor-element elementor-element-8b609be\" data-id=\"8b609be\" data-element_type=\"column\" data-e-type=\"column\">\n\t\t\t<div class=\"elementor-widget-wrap elementor-element-populated\">\n\t\t\t\t\t\t<div class=\"elementor-element elementor-element-fd35d10 elementor-widget elementor-widget-heading\" data-id=\"fd35d10\" data-element_type=\"widget\" data-e-type=\"widget\" data-widget_type=\"heading.default\">\n\t\t\t\t<div class=\"elementor-widget-container\">\n\t\t\t\t\t<h2 class=\"elementor-heading-title elementor-size-default\">Activities for all tastes<\/h2>\t\t\t\t<\/div>\n\t\t\t\t<\/div>\n\t\t\t\t\t<\/div>\n\t\t<\/div>\n\t\t\t\t<div class=\"elementor-column elementor-col-66 elementor-top-column elementor-element elementor-element-f0df83e\" data-id=\"f0df83e\" data-element_type=\"column\" data-e-type=\"column\">\n\t\t\t<div class=\"elementor-widget-wrap elementor-element-populated\">\n\t\t\t\t\t\t<div class=\"elementor-element elementor-element-8921bc5 elementor-widget elementor-widget-wp-widget-alloggio_core_custom_font\" data-id=\"8921bc5\" data-element_type=\"widget\" data-e-type=\"widget\" data-widget_type=\"wp-widget-alloggio_core_custom_font.default\">\n\t\t\t\t<div class=\"elementor-widget-container\">\n\t\t\t\t\t<p class=\"qodef-shortcode qodef-m  qodef-custom-font qodef-custom-font-1 qodef-layout--simple\" style=\"font-size: 21px;line-height: 34px\">Discover our selection of activities to do in the vicinity of our guest rooms.<\/p>\t\t\t\t<\/div>\n\t\t\t\t<\/div>\n\t\t\t\t\t<\/div>\n\t\t<\/div>\n\t\t\t\t\t<\/div>\n\t\t<\/section>\n\t\t\t\t<section class=\"elementor-section elementor-top-section elementor-element elementor-element-a9bcd75 elementor-section-full_width qodef-elementor-content-grid elementor-section-height-default elementor-section-height-default\" data-id=\"a9bcd75\" data-element_type=\"section\" data-e-type=\"section\">\n\t\t\t\t\t\t<div class=\"elementor-container elementor-column-gap-no\">\n\t\t\t\t\t<div class=\"elementor-column elementor-col-33 elementor-top-column elementor-element elementor-element-6e848ae\" data-id=\"6e848ae\" data-element_type=\"column\" data-e-type=\"column\">\n\t\t\t<div class=\"elementor-widget-wrap elementor-element-populated\">\n\t\t\t\t\t\t<div class=\"elementor-element elementor-element-c35b858 elementor-widget elementor-widget-alloggio_core_image_with_text\" data-id=\"c35b858\" data-element_type=\"widget\" data-e-type=\"widget\" data-widget_type=\"alloggio_core_image_with_text.default\">\n\t\t\t\t<div class=\"elementor-widget-container\">\n\t\t\t\t\t<div class=\"qodef-shortcode qodef-m  qodef-image-with-text qodef-layout--text-below\">\n\t<div class=\"qodef-m-image\">\n\t\t\t\t\t\t\t\t\t<img fetchpriority=\"high\" decoding=\"async\" src=\"https:\/\/www.chez-anne-et-gregoire.com\/wp-content\/uploads\/2023\/09\/pexels-mael-balland-13713020-scaled-400x300.jpg\" alt=\"\" width=\"400\" height=\"300\" data-ratio=\"1.3333333333333\" \/>\t\t\t\t\t\t\t\t\t<\/div>\t<div class=\"qodef-m-content\">\n\t\t\t<h3 class=\"qodef-m-title\" style=\"margin-top: 20px\">\n\t\t\t\t\tHiking\t\t\t<\/h3>\n\t\t\t<\/div>\n<\/div>\t\t\t\t<\/div>\n\t\t\t\t<\/div>\n\t\t\t\t<div class=\"elementor-element elementor-element-cc4d723 elementor-widget elementor-widget-text-editor\" data-id=\"cc4d723\" data-element_type=\"widget\" data-e-type=\"widget\" data-widget_type=\"text-editor.default\">\n\t\t\t\t<div class=\"elementor-widget-container\">\n\t\t\t\t\t\t\t\t\t<div class=\"container\"><p>Whether you are an experienced hiker or a beginner, explore the forest of the Regional Natural Park of the Bauges Massif or stroll along the trails offering 360\u00b0 panoramas of Lake Bourget. <strong>More information <a href=\"https:\/\/www.aixlesbains-rivieradesalpes.com\/preparez-votre-sejour\/inspiration\/?inspi=48687&amp;sel=1&amp;f=179\">here<\/a><\/strong><\/p><\/div>\t\t\t\t\t\t\t\t<\/div>\n\t\t\t\t<\/div>\n\t\t\t\t\t<\/div>\n\t\t<\/div>\n\t\t\t\t<div class=\"elementor-column elementor-col-33 elementor-top-column elementor-element elementor-element-7bb917f\" data-id=\"7bb917f\" data-element_type=\"column\" data-e-type=\"column\">\n\t\t\t<div class=\"elementor-widget-wrap elementor-element-populated\">\n\t\t\t\t\t\t<div class=\"elementor-element elementor-element-e82621a elementor-widget elementor-widget-alloggio_core_image_with_text\" data-id=\"e82621a\" data-element_type=\"widget\" data-e-type=\"widget\" data-widget_type=\"alloggio_core_image_with_text.default\">\n\t\t\t\t<div class=\"elementor-widget-container\">\n\t\t\t\t\t<div class=\"qodef-shortcode qodef-m  qodef-image-with-text qodef-layout--text-below\">\n\t<div class=\"qodef-m-image\">\n\t\t\t\t\t\t\t\t\t<img decoding=\"async\" src=\"https:\/\/www.chez-anne-et-gregoire.com\/wp-content\/uploads\/2023\/11\/Alpes-in-Bike_5-scaled-400x300.jpg\" alt=\"\" width=\"400\" height=\"300\" data-ratio=\"1.3333333333333\" \/>\t\t\t\t\t\t\t\t\t<\/div>\t<div class=\"qodef-m-content\">\n\t\t\t<h3 class=\"qodef-m-title\" style=\"margin-top: 20px\">\n\t\t\t\t\tMountain bike rental\t\t\t<\/h3>\n\t\t\t<\/div>\n<\/div>\t\t\t\t<\/div>\n\t\t\t\t<\/div>\n\t\t\t\t<div class=\"elementor-element elementor-element-d0b2182 elementor-widget elementor-widget-text-editor\" data-id=\"d0b2182\" data-element_type=\"widget\" data-e-type=\"widget\" data-widget_type=\"text-editor.default\">\n\t\t\t\t<div class=\"elementor-widget-container\">\n\t\t\t\t\t\t\t\t\t<p>Our trusted partner, Alpes in Bike, offers the rental of traditional and electric mountain bikes for the whole family. Their extra perk? Free delivery of the bikes to the address of our guesthouse.<br \/><strong>More information on <a href=\"http:\/\/www.alpesinbike.fr\">www.alpesinbike.fr<\/a><\/strong><\/p>\t\t\t\t\t\t\t\t<\/div>\n\t\t\t\t<\/div>\n\t\t\t\t\t<\/div>\n\t\t<\/div>\n\t\t\t\t<div class=\"elementor-column elementor-col-33 elementor-top-column elementor-element elementor-element-2fd5d8f\" data-id=\"2fd5d8f\" data-element_type=\"column\" data-e-type=\"column\">\n\t\t\t<div class=\"elementor-widget-wrap elementor-element-populated\">\n\t\t\t\t\t\t<div class=\"elementor-element elementor-element-d735bb5 elementor-widget elementor-widget-alloggio_core_image_with_text\" data-id=\"d735bb5\" data-element_type=\"widget\" data-e-type=\"widget\" data-widget_type=\"alloggio_core_image_with_text.default\">\n\t\t\t\t<div class=\"elementor-widget-container\">\n\t\t\t\t\t<div class=\"qodef-shortcode qodef-m  qodef-image-with-text qodef-layout--text-below\">\n\t<div class=\"qodef-m-image\">\n\t\t\t\t\t\t\t\t\t<img decoding=\"async\" src=\"https:\/\/www.chez-anne-et-gregoire.com\/wp-content\/uploads\/2023\/07\/shutterstock_1800319582-scaled-400x300.jpg\" alt=\"\" width=\"400\" height=\"300\" data-ratio=\"1.3333333333333\" \/>\t\t\t\t\t\t\t\t\t<\/div>\t<div class=\"qodef-m-content\">\n\t\t\t<h3 class=\"qodef-m-title\" style=\"margin-top: 20px\">\n\t\t\t\t\tstand-up paddle\t\t\t<\/h3>\n\t\t\t<\/div>\n<\/div>\t\t\t\t<\/div>\n\t\t\t\t<\/div>\n\t\t\t\t<div class=\"elementor-element elementor-element-d659980 elementor-widget elementor-widget-text-editor\" data-id=\"d659980\" data-element_type=\"widget\" data-e-type=\"widget\" data-widget_type=\"text-editor.default\">\n\t\t\t\t<div class=\"elementor-widget-container\">\n\t\t\t\t\t\t\t\t\t<p>An enjoyable activity, accessible to everyone, to discover and explore Lake Bourget from a different perspective.\u00a0<strong>More information <a href=\"https:\/\/sites.google.com\/cnva.com\/point-location-cnva\/accueil?authuser=0\">here<\/a><\/strong><\/p>\t\t\t\t\t\t\t\t<\/div>\n\t\t\t\t<\/div>\n\t\t\t\t\t<\/div>\n\t\t<\/div>\n\t\t\t\t\t<\/div>\n\t\t<\/section>\n\t\t\t\t<section class=\"elementor-section elementor-top-section elementor-element elementor-element-9b39c41 elementor-section-full_width qodef-elementor-content-grid elementor-section-height-default elementor-section-height-default\" data-id=\"9b39c41\" data-element_type=\"section\" data-e-type=\"section\">\n\t\t\t\t\t\t<div class=\"elementor-container elementor-column-gap-no\">\n\t\t\t\t\t<div class=\"elementor-column elementor-col-33 elementor-top-column elementor-element elementor-element-36fc9fe\" data-id=\"36fc9fe\" data-element_type=\"column\" data-e-type=\"column\">\n\t\t\t<div class=\"elementor-widget-wrap elementor-element-populated\">\n\t\t\t\t\t\t<div class=\"elementor-element elementor-element-16f89aa elementor-widget elementor-widget-alloggio_core_image_with_text\" data-id=\"16f89aa\" data-element_type=\"widget\" data-e-type=\"widget\" data-widget_type=\"alloggio_core_image_with_text.default\">\n\t\t\t\t<div class=\"elementor-widget-container\">\n\t\t\t\t\t<div class=\"qodef-shortcode qodef-m  qodef-image-with-text qodef-layout--text-below\">\n\t<div class=\"qodef-m-image\">\n\t\t\t\t\t\t\t\t\t<img loading=\"lazy\" decoding=\"async\" src=\"https:\/\/www.chez-anne-et-gregoire.com\/wp-content\/uploads\/2023\/09\/pexels-nothing-ahead-3230236-scaled-400x300.jpg\" alt=\"\" width=\"400\" height=\"300\" data-ratio=\"1.3333333333333\" \/>\t\t\t\t\t\t\t\t\t<\/div>\t<div class=\"qodef-m-content\">\n\t\t\t<h3 class=\"qodef-m-title\" style=\"margin-top: 20px\">\n\t\t\t\t\tThermal spa\t\t\t<\/h3>\n\t\t\t<\/div>\n<\/div>\t\t\t\t<\/div>\n\t\t\t\t<\/div>\n\t\t\t\t<div class=\"elementor-element elementor-element-2849137 elementor-widget elementor-widget-text-editor\" data-id=\"2849137\" data-element_type=\"widget\" data-e-type=\"widget\" data-widget_type=\"text-editor.default\">\n\t\t\t\t<div class=\"elementor-widget-container\">\n\t\t\t\t\t\t\t\t\t<p>Aix-les-Bains is a renowned thermal spa town, ranked as the 3rd favorite destination in France for its thermal treatments.\u00a0<strong>More information<a href=\"https:\/\/www.thermes-aixlesbains.com\">\u00a0here<\/a><\/strong><\/p>\t\t\t\t\t\t\t\t<\/div>\n\t\t\t\t<\/div>\n\t\t\t\t\t<\/div>\n\t\t<\/div>\n\t\t\t\t<div class=\"elementor-column elementor-col-33 elementor-top-column elementor-element elementor-element-7333349\" data-id=\"7333349\" data-element_type=\"column\" data-e-type=\"column\">\n\t\t\t<div class=\"elementor-widget-wrap elementor-element-populated\">\n\t\t\t\t\t\t<div class=\"elementor-element elementor-element-6200cd5 elementor-widget elementor-widget-alloggio_core_image_with_text\" data-id=\"6200cd5\" data-element_type=\"widget\" data-e-type=\"widget\" data-widget_type=\"alloggio_core_image_with_text.default\">\n\t\t\t\t<div class=\"elementor-widget-container\">\n\t\t\t\t\t<div class=\"qodef-shortcode qodef-m  qodef-image-with-text qodef-layout--text-below\">\n\t<div class=\"qodef-m-image\">\n\t\t\t\t\t\t\t\t\t<img loading=\"lazy\" decoding=\"async\" src=\"https:\/\/www.chez-anne-et-gregoire.com\/wp-content\/uploads\/2023\/09\/pexels-jopwell-1325751-scaled-400x300.jpg\" alt=\"\" width=\"400\" height=\"300\" data-ratio=\"1.3333333333333\" \/>\t\t\t\t\t\t\t\t\t<\/div>\t<div class=\"qodef-m-content\">\n\t\t\t<h3 class=\"qodef-m-title\" style=\"margin-top: 20px\">\n\t\t\t\t\tGolf\t\t\t<\/h3>\n\t\t\t<\/div>\n<\/div>\t\t\t\t<\/div>\n\t\t\t\t<\/div>\n\t\t\t\t<div class=\"elementor-element elementor-element-25410ef elementor-widget elementor-widget-text-editor\" data-id=\"25410ef\" data-element_type=\"widget\" data-e-type=\"widget\" data-widget_type=\"text-editor.default\">\n\t\t\t\t<div class=\"elementor-widget-container\">\n\t\t\t\t\t\t\t\t\t<p>As the oldest course and a true reference in the Auvergne-Rh\u00f4ne-Alpes region, it offers its players a complete range of services. <strong>More information <a href=\"https:\/\/www.golf-aixlesbains.com\">here<\/a>.<\/strong><\/p>\t\t\t\t\t\t\t\t<\/div>\n\t\t\t\t<\/div>\n\t\t\t\t\t<\/div>\n\t\t<\/div>\n\t\t\t\t<div class=\"elementor-column elementor-col-33 elementor-top-column elementor-element elementor-element-7d5e541\" data-id=\"7d5e541\" data-element_type=\"column\" data-e-type=\"column\">\n\t\t\t<div class=\"elementor-widget-wrap elementor-element-populated\">\n\t\t\t\t\t\t<div class=\"elementor-element elementor-element-5edf4d9 elementor-widget elementor-widget-alloggio_core_image_with_text\" data-id=\"5edf4d9\" data-element_type=\"widget\" data-e-type=\"widget\" data-widget_type=\"alloggio_core_image_with_text.default\">\n\t\t\t\t<div class=\"elementor-widget-container\">\n\t\t\t\t\t<div class=\"qodef-shortcode qodef-m  qodef-image-with-text qodef-layout--text-below\">\n\t<div class=\"qodef-m-image\">\n\t\t\t\t\t\t\t\t\t<img loading=\"lazy\" decoding=\"async\" src=\"https:\/\/www.chez-anne-et-gregoire.com\/wp-content\/uploads\/2023\/11\/pexels-daniel-158976-scaled-400x300.jpg\" alt=\"\" width=\"400\" height=\"300\" data-ratio=\"1.3333333333333\" \/>\t\t\t\t\t\t\t\t\t<\/div>\t<div class=\"qodef-m-content\">\n\t\t\t<h3 class=\"qodef-m-title\" style=\"margin-top: 20px\">\n\t\t\t\t\tHorse racing\t\t\t<\/h3>\n\t\t\t<\/div>\n<\/div>\t\t\t\t<\/div>\n\t\t\t\t<\/div>\n\t\t\t\t<div class=\"elementor-element elementor-element-9a9b586 elementor-widget elementor-widget-text-editor\" data-id=\"9a9b586\" data-element_type=\"widget\" data-e-type=\"widget\" data-widget_type=\"text-editor.default\">\n\t\t\t\t<div class=\"elementor-widget-container\">\n\t\t\t\t\t\t\t\t\t<p>L\u2019Hippodrome d\u2019Aix-les-Bains est l\u2019endroit id\u00e9al pour venir profiter des courses et des nombreuses animations propos\u00e9es sur place ! <strong>More information <a href=\"https:\/\/www.hippodrome-aixlesbains.com\/\">here<\/a><\/strong><\/p>\t\t\t\t\t\t\t\t<\/div>\n\t\t\t\t<\/div>\n\t\t\t\t\t<\/div>\n\t\t<\/div>\n\t\t\t\t\t<\/div>\n\t\t<\/section>\n\t\t\t\t<section class=\"elementor-section elementor-top-section elementor-element elementor-element-9974175 elementor-section-full_width qodef-elementor-content-grid elementor-section-height-default elementor-section-height-default\" data-id=\"9974175\" data-element_type=\"section\" data-e-type=\"section\">\n\t\t\t\t\t\t<div class=\"elementor-container elementor-column-gap-no\">\n\t\t\t\t\t<div class=\"elementor-column elementor-col-33 elementor-top-column elementor-element elementor-element-6161929\" data-id=\"6161929\" data-element_type=\"column\" data-e-type=\"column\">\n\t\t\t<div class=\"elementor-widget-wrap elementor-element-populated\">\n\t\t\t\t\t\t<div class=\"elementor-element elementor-element-32fdb52 elementor-widget elementor-widget-alloggio_core_image_with_text\" data-id=\"32fdb52\" data-element_type=\"widget\" data-e-type=\"widget\" data-widget_type=\"alloggio_core_image_with_text.default\">\n\t\t\t\t<div class=\"elementor-widget-container\">\n\t\t\t\t\t<div class=\"qodef-shortcode qodef-m  qodef-image-with-text qodef-layout--text-below\">\n\t<div class=\"qodef-m-image\">\n\t\t\t\t\t\t\t\t\t<img loading=\"lazy\" decoding=\"async\" src=\"https:\/\/www.chez-anne-et-gregoire.com\/wp-content\/uploads\/2023\/07\/Chez_Anne_et_Gregoire_Activites-1-400x300.jpg\" alt=\"\" width=\"400\" height=\"300\" data-ratio=\"1.3333333333333\" \/>\t\t\t\t\t\t\t\t\t<\/div>\t<div class=\"qodef-m-content\">\n\t\t\t<h3 class=\"qodef-m-title\" style=\"margin-top: 20px\">\n\t\t\t\t\tVia ferrata\t\t\t<\/h3>\n\t\t\t<\/div>\n<\/div>\t\t\t\t<\/div>\n\t\t\t\t<\/div>\n\t\t\t\t<div class=\"elementor-element elementor-element-f8b1749 elementor-widget elementor-widget-text-editor\" data-id=\"f8b1749\" data-element_type=\"widget\" data-e-type=\"widget\" data-widget_type=\"text-editor.default\">\n\t\t\t\t<div class=\"elementor-widget-container\">\n\t\t\t\t\t\t\t\t\t<p>Enjoy an active vacation by practicing via ferrata around Aix-les-Bains. <strong>More information <a href=\"https:\/\/www.savoie-mont-blanc.com\/explore\/via-ferrata\/\">here<\/a><\/strong><\/p>\t\t\t\t\t\t\t\t<\/div>\n\t\t\t\t<\/div>\n\t\t\t\t\t<\/div>\n\t\t<\/div>\n\t\t\t\t<div class=\"elementor-column elementor-col-33 elementor-top-column elementor-element elementor-element-9d38ad8\" data-id=\"9d38ad8\" data-element_type=\"column\" data-e-type=\"column\">\n\t\t\t<div class=\"elementor-widget-wrap elementor-element-populated\">\n\t\t\t\t\t\t<div class=\"elementor-element elementor-element-bf6b964 elementor-widget elementor-widget-alloggio_core_image_with_text\" data-id=\"bf6b964\" data-element_type=\"widget\" data-e-type=\"widget\" data-widget_type=\"alloggio_core_image_with_text.default\">\n\t\t\t\t<div class=\"elementor-widget-container\">\n\t\t\t\t\t<div class=\"qodef-shortcode qodef-m  qodef-image-with-text qodef-layout--text-below\">\n\t<div class=\"qodef-m-image\">\n\t\t\t\t\t\t\t\t\t<img loading=\"lazy\" decoding=\"async\" src=\"https:\/\/www.chez-anne-et-gregoire.com\/wp-content\/uploads\/2023\/11\/pexels-paolo-sandionigi-8479826-scaled-400x300.jpg\" alt=\"\" width=\"400\" height=\"300\" data-ratio=\"1.3333333333333\" \/>\t\t\t\t\t\t\t\t\t<\/div>\t<div class=\"qodef-m-content\">\n\t\t\t<h3 class=\"qodef-m-title\" style=\"margin-top: 20px\">\n\t\t\t\t\tSkydiving\t\t\t<\/h3>\n\t\t\t<\/div>\n<\/div>\t\t\t\t<\/div>\n\t\t\t\t<\/div>\n\t\t\t\t<div class=\"elementor-element elementor-element-68c254c elementor-widget elementor-widget-text-editor\" data-id=\"68c254c\" data-element_type=\"widget\" data-e-type=\"widget\" data-widget_type=\"text-editor.default\">\n\t\t\t\t<div class=\"elementor-widget-container\">\n\t\t\t\t\t\t\t\t\t<p>Experience something unique above Lake Bourget. <strong>More information <a href=\"http:\/\/www.savoieparachutisme.com\">here<\/a><\/strong><\/p>\t\t\t\t\t\t\t\t<\/div>\n\t\t\t\t<\/div>\n\t\t\t\t\t<\/div>\n\t\t<\/div>\n\t\t\t\t<div class=\"elementor-column elementor-col-33 elementor-top-column elementor-element elementor-element-1e88bc9\" data-id=\"1e88bc9\" data-element_type=\"column\" data-e-type=\"column\">\n\t\t\t<div class=\"elementor-widget-wrap\">\n\t\t\t\t\t\t\t<\/div>\n\t\t<\/div>\n\t\t\t\t\t<\/div>\n\t\t<\/section>\n\t\t\t\t<section class=\"elementor-section elementor-top-section elementor-element elementor-element-1531f6e9 elementor-section-full_width elementor-section-height-default elementor-section-height-default qodef-elementor-content-no\" data-id=\"1531f6e9\" data-element_type=\"section\" data-e-type=\"section\">\n\t\t\t\t\t\t<div class=\"elementor-container elementor-column-gap-no\">\n\t\t\t\t\t<div class=\"elementor-column elementor-col-100 elementor-top-column elementor-element elementor-element-468489ab\" data-id=\"468489ab\" data-element_type=\"column\" data-e-type=\"column\" data-settings=\"{&quot;background_background&quot;:&quot;classic&quot;}\">\n\t\t\t<div class=\"elementor-widget-wrap\">\n\t\t\t\t\t\t\t<\/div>\n\t\t<\/div>\n\t\t\t\t\t<\/div>\n\t\t<\/section>\n\t\t\t\t<\/div>","protected":false},"excerpt":{"rendered":"<p>Des activit\u00e9s pour toutes les envies Randonn\u00e9e p\u00e9destre Que vous soyez randonneur confirm\u00e9 ou amateur, explorez la for\u00eat du Parc Naturel R\u00e9gional du Massif des Bauges ou arpentez les sentiers offrant des panoramas \u00e0 360\u00b0 sur le lac du Bourget. Plus d&#8217;informations ici Location de VTT Notre partenaire de confiance Alpes in Bike propose \u00e0 [&hellip;]<\/p>\n","protected":false},"author":1,"featured_media":0,"parent":0,"menu_order":0,"comment_status":"closed","ping_status":"closed","template":"page-full-width.php","meta":{"footnotes":""},"class_list":["post-2712","page","type-page","status-publish","hentry"],"aioseo_notices":[],"_links":{"self":[{"href":"https:\/\/www.chez-anne-et-gregoire.com\/en\/wp-json\/wp\/v2\/pages\/2712","targetHints":{"allow":["GET"]}}],"collection":[{"href":"https:\/\/www.chez-anne-et-gregoire.com\/en\/wp-json\/wp\/v2\/pages"}],"about":[{"href":"https:\/\/www.chez-anne-et-gregoire.com\/en\/wp-json\/wp\/v2\/types\/page"}],"author":[{"embeddable":true,"href":"https:\/\/www.chez-anne-et-gregoire.com\/en\/wp-json\/wp\/v2\/users\/1"}],"replies":[{"embeddable":true,"href":"https:\/\/www.chez-anne-et-gregoire.com\/en\/wp-json\/wp\/v2\/comments?post=2712"}],"version-history":[{"count":0,"href":"https:\/\/www.chez-anne-et-gregoire.com\/en\/wp-json\/wp\/v2\/pages\/2712\/revisions"}],"wp:attachment":[{"href":"https:\/\/www.chez-anne-et-gregoire.com\/en\/wp-json\/wp\/v2\/media?parent=2712"}],"curies":[{"name":"wp","href":"https:\/\/api.w.org\/{rel}","templated":true}]}}